{"id":36,"date":"2024-05-13T13:29:14","date_gmt":"2024-05-13T11:29:14","guid":{"rendered":"http:\/\/kompetentnelo.oce.opolskie.pl\/?page_id=36"},"modified":"2024-12-16T10:50:17","modified_gmt":"2024-12-16T09:50:17","slug":"dla-szkoly","status":"publish","type":"page","link":"https:\/\/kompetentnelo.oce.opolskie.pl\/index.php\/dla-szkoly\/","title":{"rendered":"Dla szko\u0142y"},"content":{"rendered":"\n<h2 class=\"wp-block-heading\"><\/h2>\n\n\n\n<h2 class=\"wp-block-heading\">Deklaracja udzia\u0142u szko\u0142y w projekcie<\/h2>\n\n\n\n<p><a href=\"http:\/\/kompetentnelo.oce.opolskie.pl\/wp-content\/uploads\/2024\/12\/Formularz-zgloszenia-szkoly-regulamin.pdf\">Deklaracja<\/a><\/p>\n\n\n\n<p><\/p>\n\n\n\n<p><\/p>\n\n\n\n<p><\/p>\n\n\n\n<h2 class=\"wp-block-heading\">Laboratorium Kariery<\/h2>\n\n\n\n<p><a href=\"http:\/\/kompetentnelo.oce.opolskie.pl\/wp-content\/uploads\/2024\/12\/LK-regulamin.pdf\">Regulamin Laboratorium Kariery<\/a><\/p>\n\n\n\n<p><\/p>\n\n\n\n<h2 class=\"wp-block-heading\">Logo projektu<\/h2>\n\n\n\n<p><a href=\"http:\/\/kompetentnelo.oce.opolskie.pl\/wp-content\/uploads\/2024\/05\/cropped-cropped-cropped-Logo-5.7.png\" data-type=\"link\" data-id=\"http:\/\/kompetentnelo.oce.opolskie.pl\/wp-content\/uploads\/2024\/05\/cropped-cropped-cropped-Logo-5.7.png\">wersja ma\u0142a<\/a><\/p>\n\n\n\n<p><a href=\"http:\/\/kompetentnelo.oce.opolskie.pl\/wp-content\/uploads\/2024\/05\/cropped-Logo-5.7-kolor-PNG.png\" data-type=\"link\" data-id=\"http:\/\/kompetentnelo.oce.opolskie.pl\/wp-content\/uploads\/2024\/05\/cropped-Logo-5.7-kolor-PNG.png\">wersja du\u017ca<\/a><\/p>\n\n\n\n<h2 class=\"wp-block-heading\">Informacja projektowa &#8211; dzia\u0142ania<\/h2>\n\n\n\n<p><a href=\"http:\/\/kompetentnelo.oce.opolskie.pl\/wp-content\/uploads\/2024\/12\/Informacja_projektowa-dzialania.pdf\">Pobierz<\/a><\/p>\n\n\n\n<p><\/p>\n","protected":false},"excerpt":{"rendered":"<p>Deklaracja udzia\u0142u szko\u0142y w projekcie Deklaracja Laboratorium Kariery Regulamin Laboratorium Kariery Logo projektu wersja ma\u0142a wersja du\u017ca Informacja projektowa &#8211; dzia\u0142ania Pobierz<\/p>\n","protected":false},"author":2,"featured_media":0,"parent":0,"menu_order":0,"comment_status":"closed","ping_status":"closed","template":"","meta":{"footnotes":""},"class_list":["post-36","page","type-page","status-publish","hentry"],"_links":{"self":[{"href":"https:\/\/kompetentnelo.oce.opolskie.pl\/index.php\/wp-json\/wp\/v2\/pages\/36","targetHints":{"allow":["GET"]}}],"collection":[{"href":"https:\/\/kompetentnelo.oce.opolskie.pl\/index.php\/wp-json\/wp\/v2\/pages"}],"about":[{"href":"https:\/\/kompetentnelo.oce.opolskie.pl\/index.php\/wp-json\/wp\/v2\/types\/page"}],"author":[{"embeddable":true,"href":"https:\/\/kompetentnelo.oce.opolskie.pl\/index.php\/wp-json\/wp\/v2\/users\/2"}],"replies":[{"embeddable":true,"href":"https:\/\/kompetentnelo.oce.opolskie.pl\/index.php\/wp-json\/wp\/v2\/comments?post=36"}],"version-history":[{"count":8,"href":"https:\/\/kompetentnelo.oce.opolskie.pl\/index.php\/wp-json\/wp\/v2\/pages\/36\/revisions"}],"predecessor-version":[{"id":417,"href":"https:\/\/kompetentnelo.oce.opolskie.pl\/index.php\/wp-json\/wp\/v2\/pages\/36\/revisions\/417"}],"wp:attachment":[{"href":"https:\/\/kompetentnelo.oce.opolskie.pl\/index.php\/wp-json\/wp\/v2\/media?parent=36"}],"curies":[{"name":"wp","href":"https:\/\/api.w.org\/{rel}","templated":true}]}}