{"id":31,"date":"2024-05-13T13:29:14","date_gmt":"2024-05-13T11:29:14","guid":{"rendered":"http:\/\/kompetentnelo.oce.opolskie.pl\/?page_id=31"},"modified":"2025-02-27T14:04:22","modified_gmt":"2025-02-27T13:04:22","slug":"dzialania-dla-uczniow","status":"publish","type":"page","link":"https:\/\/kompetentnelo.oce.opolskie.pl\/index.php\/dzialania-dla-uczniow\/","title":{"rendered":"Dzia\u0142ania dla uczni\u00f3w"},"content":{"rendered":"\t\t<div data-elementor-type=\"wp-page\" data-elementor-id=\"31\" class=\"elementor elementor-31\">\n\t\t\t\t<div class=\"elementor-element elementor-element-7d7c31b e-flex e-con-boxed e-con e-parent\" data-id=\"7d7c31b\" data-element_type=\"container\">\n\t\t\t\t\t<div class=\"e-con-inner\">\n\t\t\t\t<div class=\"elementor-element elementor-element-f8a2de1 elementor-widget elementor-widget-text-editor\" data-id=\"f8a2de1\" data-element_type=\"widget\" data-widget_type=\"text-editor.default\">\n\t\t\t\t<div class=\"elementor-widget-container\">\n\t\t\t<style>\/*! elementor - v3.21.0 - 22-05-2024 *\/\n.elementor-widget-text-editor.elementor-drop-cap-view-stacked .elementor-drop-cap{background-color:#69727d;color:#fff}.elementor-widget-text-editor.elementor-drop-cap-view-framed .elementor-drop-cap{color:#69727d;border:3px solid;background-color:transparent}.elementor-widget-text-editor:not(.elementor-drop-cap-view-default) .elementor-drop-cap{margin-top:8px}.elementor-widget-text-editor:not(.elementor-drop-cap-view-default) .elementor-drop-cap-letter{width:1em;height:1em}.elementor-widget-text-editor .elementor-drop-cap{float:left;text-align:center;line-height:1;font-size:50px}.elementor-widget-text-editor .elementor-drop-cap-letter{display:inline-block}<\/style>\t\t\t\t<ol>\n<li>Utworzenie na terenie szko\u0142y Laboratorium Kariery,<\/li>\n<li>Rozwijanie kompetencji w zakresie przedsi\u0119biorczo\u015bci, kreatywno\u015bci i zmys\u0142u inicjatywy, w tym: zakup pomocy dydaktycznych niezb\u0119dnych do realizacji specjalistycznych zaj\u0119\u0107 pozalekcyjnych zwi\u0105zanych z rozwijaniem przedsi\u0119biorczo\u015bci, kreatywno\u015bci i zmys\u0142u inicjatywy oraz specjalistyczne zaj\u0119cia pozalekcyjne dla uczni\u00f3w z zakresu rozwijania przedsi\u0119biorczo\u015bci, kreatywno\u015bci i zmys\u0142u inicjatywy<\/li>\n<li>Kursy wyjazdowe Kariery i Rozwoju<\/li>\n<li>Wsparcie psychologiczno-pedagogiczne z zakresu doradztwa edukacyjno-zawodowego<\/li>\n<li>Pozaszkolne formy kszta\u0142cenia w tym: kursy kwalifikacyjne lub kompetencyjne dla uczni\u00f3w oraz zaj\u0119cia pozalekcyjne indywidualne i grupowe z zakresu rozwoju kompetencji kluczowych, w tym indywidualne konsultacje dla uczni\u00f3w znajduj\u0105cych si\u0119 w niekorzystnej sytuacji oraz dla uczni\u00f3w o specjalnych potrzebach edukacyjnych lub z niepe\u0142nosprawno\u015bciami<\/li>\n<li>Event edukacyjny (wydarzenie edukacyjne) dla uczni\u00f3w i nauczycieli we wsp\u00f3\u0142pracy z firmami z lokalnego otoczenia spo\u0142eczno-gospodarczego oraz uczelniami wy\u017cszymi<\/li>\n<\/ol>\n<div>&nbsp;<\/div>\n<div>&nbsp;<\/div>\n<div><b>Efekty i rezultaty projektu w dzia\u0142aniach dla uczni\u00f3w:<\/b><\/div>\n<div><b>Liczba uczni\u00f3w, kt\u00f3rzy nab\u0119d\u0105 kwalifikacje\/kompetencje po opuszczeniu projektu: 2400 uczni\u00f3w<\/b><\/div>\t\t\t\t\t\t<\/div>\n\t\t\t\t<\/div>\n\t\t\t\t\t<\/div>\n\t\t\t\t<\/div>\n\t\t<div class=\"elementor-element elementor-element-3f990de e-flex e-con-boxed e-con e-parent\" data-id=\"3f990de\" data-element_type=\"container\">\n\t\t\t\t\t<div class=\"e-con-inner\">\n\t\t\t\t<div class=\"elementor-element elementor-element-90077e5 elementor-widget elementor-widget-image\" data-id=\"90077e5\" data-element_type=\"widget\" data-widget_type=\"image.default\">\n\t\t\t\t<div class=\"elementor-widget-container\">\n\t\t\t<style>\/*! elementor - v3.21.0 - 22-05-2024 *\/\n.elementor-widget-image{text-align:center}.elementor-widget-image a{display:inline-block}.elementor-widget-image a img[src$=\".svg\"]{width:48px}.elementor-widget-image img{vertical-align:middle;display:inline-block}<\/style>\t\t\t\t\t\t\t\t\t\t<img fetchpriority=\"high\" decoding=\"async\" width=\"624\" height=\"115\" src=\"https:\/\/kompetentnelo.oce.opolskie.pl\/wp-content\/uploads\/2024\/05\/Element-przewodni-RGB.png\" class=\"attachment-large size-large wp-image-104\" alt=\"\" srcset=\"https:\/\/kompetentnelo.oce.opolskie.pl\/wp-content\/uploads\/2024\/05\/Element-przewodni-RGB.png 624w, https:\/\/kompetentnelo.oce.opolskie.pl\/wp-content\/uploads\/2024\/05\/Element-przewodni-RGB-300x55.png 300w\" sizes=\"(max-width: 624px) 100vw, 624px\" \/>\t\t\t\t\t\t\t\t\t\t\t\t\t<\/div>\n\t\t\t\t<\/div>\n\t\t\t\t\t<\/div>\n\t\t\t\t<\/div>\n\t\t\t\t<\/div>\n\t\t","protected":false},"excerpt":{"rendered":"<p>Utworzenie na terenie szko\u0142y Laboratorium Kariery, Rozwijanie kompetencji w zakresie przedsi\u0119biorczo\u015bci, kreatywno\u015bci i zmys\u0142u inicjatywy, w tym: zakup pomocy dydaktycznych niezb\u0119dnych do realizacji specjalistycznych zaj\u0119\u0107 pozalekcyjnych zwi\u0105zanych z rozwijaniem przedsi\u0119biorczo\u015bci, kreatywno\u015bci i zmys\u0142u inicjatywy oraz specjalistyczne zaj\u0119cia pozalekcyjne dla uczni\u00f3w z zakresu rozwijania przedsi\u0119biorczo\u015bci, kreatywno\u015bci i zmys\u0142u inicjatywy Kursy wyjazdowe Kariery i Rozwoju Wsparcie psychologiczno-pedagogiczne [&hellip;]<\/p>\n","protected":false},"author":2,"featured_media":0,"parent":0,"menu_order":0,"comment_status":"closed","ping_status":"closed","template":"","meta":{"footnotes":""},"class_list":["post-31","page","type-page","status-publish","hentry"],"_links":{"self":[{"href":"https:\/\/kompetentnelo.oce.opolskie.pl\/index.php\/wp-json\/wp\/v2\/pages\/31","targetHints":{"allow":["GET"]}}],"collection":[{"href":"https:\/\/kompetentnelo.oce.opolskie.pl\/index.php\/wp-json\/wp\/v2\/pages"}],"about":[{"href":"https:\/\/kompetentnelo.oce.opolskie.pl\/index.php\/wp-json\/wp\/v2\/types\/page"}],"author":[{"embeddable":true,"href":"https:\/\/kompetentnelo.oce.opolskie.pl\/index.php\/wp-json\/wp\/v2\/users\/2"}],"replies":[{"embeddable":true,"href":"https:\/\/kompetentnelo.oce.opolskie.pl\/index.php\/wp-json\/wp\/v2\/comments?post=31"}],"version-history":[{"count":34,"href":"https:\/\/kompetentnelo.oce.opolskie.pl\/index.php\/wp-json\/wp\/v2\/pages\/31\/revisions"}],"predecessor-version":[{"id":444,"href":"https:\/\/kompetentnelo.oce.opolskie.pl\/index.php\/wp-json\/wp\/v2\/pages\/31\/revisions\/444"}],"wp:attachment":[{"href":"https:\/\/kompetentnelo.oce.opolskie.pl\/index.php\/wp-json\/wp\/v2\/media?parent=31"}],"curies":[{"name":"wp","href":"https:\/\/api.w.org\/{rel}","templated":true}]}}