{"id":28,"date":"2024-05-13T13:29:14","date_gmt":"2024-05-13T11:29:14","guid":{"rendered":"http:\/\/kompetentnelo.oce.opolskie.pl\/?page_id=28"},"modified":"2024-05-22T14:45:26","modified_gmt":"2024-05-22T12:45:26","slug":"cel-projektu","status":"publish","type":"page","link":"https:\/\/kompetentnelo.oce.opolskie.pl\/index.php\/cel-projektu\/","title":{"rendered":"Cel projektu"},"content":{"rendered":"\t\t<div data-elementor-type=\"wp-page\" data-elementor-id=\"28\" class=\"elementor elementor-28\">\n\t\t\t\t<div class=\"elementor-element elementor-element-7eb2b84 e-flex e-con-boxed e-con e-parent\" data-id=\"7eb2b84\" data-element_type=\"container\">\n\t\t\t\t\t<div class=\"e-con-inner\">\n\t\t\t\t<div class=\"elementor-element elementor-element-dbd5427 elementor-widget elementor-widget-text-editor\" data-id=\"dbd5427\" data-element_type=\"widget\" data-widget_type=\"text-editor.default\">\n\t\t\t\t<div class=\"elementor-widget-container\">\n\t\t\t<style>\/*! elementor - v3.21.0 - 22-05-2024 *\/\n.elementor-widget-text-editor.elementor-drop-cap-view-stacked .elementor-drop-cap{background-color:#69727d;color:#fff}.elementor-widget-text-editor.elementor-drop-cap-view-framed .elementor-drop-cap{color:#69727d;border:3px solid;background-color:transparent}.elementor-widget-text-editor:not(.elementor-drop-cap-view-default) .elementor-drop-cap{margin-top:8px}.elementor-widget-text-editor:not(.elementor-drop-cap-view-default) .elementor-drop-cap-letter{width:1em;height:1em}.elementor-widget-text-editor .elementor-drop-cap{float:left;text-align:center;line-height:1;font-size:50px}.elementor-widget-text-editor .elementor-drop-cap-letter{display:inline-block}<\/style>\t\t\t\t<p><b>Cel szczeg\u00f3\u0142owy dzia\u0142ania 05.07 Funduszy Europejskich dla Opolskiego na lata 2021-2027:&nbsp;<\/b><\/p>\n<p>Wspieranie r\u00f3wnego dost\u0119pu do dobrej jako\u015bci, w\u0142\u0105czaj\u0105cego kszta\u0142cenia i szkolenia oraz mo\u017cliwo\u015bci ich<br>uko\u0144czenia, w szczeg\u00f3lno\u015bci w odniesieniu do grup w niekorzystnej sytuacji, od wczesnej edukacji i opieki nad dzieckiem przez og\u00f3lne i zawodowe kszta\u0142cenie i szkolenie, po szkolnictwo wy\u017csze, a tak\u017ce kszta\u0142cenie i uczenie si\u0119 doros\u0142ych, w tym u\u0142atwianie mobilno\u015bci edukacyjnej dla wszystkich i dost\u0119pno\u015bci dla os\u00f3b z niepe\u0142nosprawno\u015bciami.<\/p>\n<p><b>Cel projektu:&nbsp;<\/b><\/p>\n<p>Wsparcie uczni\u00f3w i kadr kszta\u0142cenia og\u00f3lnego na rzecz dostosowania umiej\u0119tno\u015bci i kwalifikacji zawodowych do potrzeb rynku pracy&nbsp;poprzez wspieranie r\u00f3wnego dost\u0119pu do dobrej jako\u015bci i w\u0142\u0105czaj\u0105cego kszta\u0142cenia wype\u0142nia powy\u017cszy cel&nbsp;<span style=\"letter-spacing: 0.15px;\">Funduszy Europejskich dla Opolskiego na lata 2021-2027<\/span>.<br><\/p>\t\t\t\t\t\t<\/div>\n\t\t\t\t<\/div>\n\t\t\t\t\t<\/div>\n\t\t\t\t<\/div>\n\t\t<div class=\"elementor-element elementor-element-a7978ef e-flex e-con-boxed e-con e-parent\" data-id=\"a7978ef\" data-element_type=\"container\">\n\t\t\t\t\t<div class=\"e-con-inner\">\n\t\t\t\t<div class=\"elementor-element elementor-element-fd2e2e4 elementor-widget elementor-widget-image\" data-id=\"fd2e2e4\" data-element_type=\"widget\" data-widget_type=\"image.default\">\n\t\t\t\t<div class=\"elementor-widget-container\">\n\t\t\t<style>\/*! elementor - v3.21.0 - 22-05-2024 *\/\n.elementor-widget-image{text-align:center}.elementor-widget-image a{display:inline-block}.elementor-widget-image a img[src$=\".svg\"]{width:48px}.elementor-widget-image img{vertical-align:middle;display:inline-block}<\/style>\t\t\t\t\t\t\t\t\t\t<img fetchpriority=\"high\" decoding=\"async\" width=\"624\" height=\"115\" src=\"https:\/\/kompetentnelo.oce.opolskie.pl\/wp-content\/uploads\/2024\/05\/Element-przewodni-RGB.png\" class=\"attachment-large size-large wp-image-104\" alt=\"\" srcset=\"https:\/\/kompetentnelo.oce.opolskie.pl\/wp-content\/uploads\/2024\/05\/Element-przewodni-RGB.png 624w, https:\/\/kompetentnelo.oce.opolskie.pl\/wp-content\/uploads\/2024\/05\/Element-przewodni-RGB-300x55.png 300w\" sizes=\"(max-width: 624px) 100vw, 624px\" \/>\t\t\t\t\t\t\t\t\t\t\t\t\t<\/div>\n\t\t\t\t<\/div>\n\t\t\t\t\t<\/div>\n\t\t\t\t<\/div>\n\t\t\t\t<\/div>\n\t\t","protected":false},"excerpt":{"rendered":"<p>Cel szczeg\u00f3\u0142owy dzia\u0142ania 05.07 Funduszy Europejskich dla Opolskiego na lata 2021-2027:&nbsp; Wspieranie r\u00f3wnego dost\u0119pu do dobrej jako\u015bci, w\u0142\u0105czaj\u0105cego kszta\u0142cenia i szkolenia oraz mo\u017cliwo\u015bci ichuko\u0144czenia, w szczeg\u00f3lno\u015bci w odniesieniu do grup w niekorzystnej sytuacji, od wczesnej edukacji i opieki nad dzieckiem przez og\u00f3lne i zawodowe kszta\u0142cenie i szkolenie, po szkolnictwo wy\u017csze, a tak\u017ce kszta\u0142cenie i uczenie [&hellip;]<\/p>\n","protected":false},"author":2,"featured_media":0,"parent":0,"menu_order":0,"comment_status":"closed","ping_status":"closed","template":"","meta":{"footnotes":""},"class_list":["post-28","page","type-page","status-publish","hentry"],"_links":{"self":[{"href":"https:\/\/kompetentnelo.oce.opolskie.pl\/index.php\/wp-json\/wp\/v2\/pages\/28","targetHints":{"allow":["GET"]}}],"collection":[{"href":"https:\/\/kompetentnelo.oce.opolskie.pl\/index.php\/wp-json\/wp\/v2\/pages"}],"about":[{"href":"https:\/\/kompetentnelo.oce.opolskie.pl\/index.php\/wp-json\/wp\/v2\/types\/page"}],"author":[{"embeddable":true,"href":"https:\/\/kompetentnelo.oce.opolskie.pl\/index.php\/wp-json\/wp\/v2\/users\/2"}],"replies":[{"embeddable":true,"href":"https:\/\/kompetentnelo.oce.opolskie.pl\/index.php\/wp-json\/wp\/v2\/comments?post=28"}],"version-history":[{"count":13,"href":"https:\/\/kompetentnelo.oce.opolskie.pl\/index.php\/wp-json\/wp\/v2\/pages\/28\/revisions"}],"predecessor-version":[{"id":294,"href":"https:\/\/kompetentnelo.oce.opolskie.pl\/index.php\/wp-json\/wp\/v2\/pages\/28\/revisions\/294"}],"wp:attachment":[{"href":"https:\/\/kompetentnelo.oce.opolskie.pl\/index.php\/wp-json\/wp\/v2\/media?parent=28"}],"curies":[{"name":"wp","href":"https:\/\/api.w.org\/{rel}","templated":true}]}}