{"id":224,"date":"2025-05-20T13:34:27","date_gmt":"2025-05-20T11:34:27","guid":{"rendered":"http:\/\/kompetentnelo.oce.opolskie.pl\/?page_id=224"},"modified":"2025-05-20T13:54:27","modified_gmt":"2025-05-20T11:54:27","slug":"polityka-prywatnosci-2","status":"publish","type":"page","link":"https:\/\/kompetentnelo.oce.opolskie.pl\/index.php\/polityka-prywatnosci-2\/","title":{"rendered":"Polityka prywatno\u015bci"},"content":{"rendered":"\n<p>Szanowni Pa\u0144stwo,<br>W zwi\u0105zku z realizacj\u0105 projektu Kompetentne i kreatywne kszta\u0142cenie og\u00f3lne, do<br>kt\u00f3rego przyst\u0105pili Pa\u0144stwo poprzez podpisanie O\u015bwiadczenia uczestnika projektu,<br>informujemy o zmianie administratora danych osobowych.<br>Nowym administratorem Pa\u0144stwa danych osobowych jest Zarz\u0105d Wojew\u00f3dztwa<br>Opolskiego z siedzib\u0105 przy ul. Ostr\u00f3wek 5, 45-088 Opole, a nie jak pierwotnie<br>wskazano Marsza\u0142ek Wojew\u00f3dztwa Opolskiego.<br>Pa\u0144stwa dane osobowe b\u0119d\u0105 przetwarzane zgodnie z obowi\u0105zuj\u0105cymi przepisami, a<br>szczeg\u00f3\u0142owe informacje na ten temat mo\u017cna znale\u017a\u0107 w zaktualizowanym<br>dokumencie pn. \u201eKlauzula informacyjna i O\u015bwiadczenie uczestnika projektu\u201d,<br>dost\u0119pnej na stronie http:\/\/www.kompetentnelo.oce.opolskie.pl\/<br>W razie pyta\u0144 prosimy o kontakt pod adresem 45-315 Opole, ul. G\u0142ogowska 27.<br>Z powa\u017caniem,<br>Opolskie Centrum Edukacji<\/p>\n\n\n\n<h1 class=\"wp-block-heading\">Polityka prywatno\u015bci<\/h1>\n\n\n\n<p><a href=\"https:\/\/rzpwe.opolskie.pl\/obowiazek-informacyjny\/\">Klauzla informacyjna dla u\u017cytkownik\u00f3w<\/a><\/p>\n\n\n\n<p>Niniejsza polityka prywatno\u015bci i plik\u00f3w cookies opisuje zasady post\u0119powania z danymi osobowymi oraz wykorzystywania plik\u00f3w cookies i innych technologii w ramach domeny internetowej www.kompetentnelo.oce.opolskie.pl<\/p>\n\n\n\n<p><\/p>\n\n\n\n<p><\/p>\n\n\n\n<p><\/p>\n\n\n\n<p><strong>Definicje<\/strong><\/p>\n\n\n\n<p>Na potrzeby niniejszej polityki prywatno\u015bci, przyjmuje si\u0119 nast\u0119puj\u0105ce znaczenie poni\u017cszych poj\u0119\u0107:<\/p>\n\n\n\n<p>Administrator \u2013 Opolskie Centrum Edukacji z siedzib\u0105 w Opolu przy ulicy G\u0142ogowskiej 27,<br>Strona \u2013 strona internetowa dost\u0119pna pod adresem&nbsp;www.kompetentnelo.oce.opolskie.pl<br>U\u017cytkownik \u2013 ka\u017cdy podmiot, kt\u00f3ry korzysta ze Strony.<\/p>\n\n\n\n<p><strong>Dane osobowe<\/strong><\/p>\n\n\n\n<p>U\u017cytkownik mo\u017ce przekazywa\u0107 swoje dane osobowe Administratorowi za pomoc\u0105 formularzy dost\u0119pnych na Stronie, takich jak formularz zapisu na newsletter, formularz rejestracyjny i formularz kontaktowy.<\/p>\n\n\n\n<p>Administratorem danych osobowych U\u017cytkownika jest Administrator.<\/p>\n\n\n\n<p>Dane przekazane Administratorowi w ramach formularza zapisu na newsletter przetwarzane s\u0105 w celu przesy\u0142ania U\u017cytkownikowi newslettera.<\/p>\n\n\n\n<p>Administrator gwarantuje poufno\u015b\u0107 wszelkich przekazanych mu danych osobowych. Podanie danych jest zawsze dobrowolne, ale niezb\u0119dne do podj\u0119cia przez U\u017cytkownika akcji, do kt\u00f3rej przeznaczony jest dany formularz.<\/p>\n\n\n\n<p>Administrator nie udost\u0119pnia przekazanych mu danych jakimkolwiek podmiotom trzecim, z wy\u0142\u0105czeniem sytuacji w kt\u00f3rych przekazanie b\u0105d\u017a udost\u0119pnienie danych jest niezb\u0119dne w celu realizacji us\u0142ugi zam\u00f3wionej przez U\u017cytkownika.<\/p>\n\n\n\n<p>Dane osobowe s\u0105 gromadzone z nale\u017cyt\u0105 staranno\u015bci\u0105 i odpowiednio chronione przed dost\u0119pem do nich przez osoby do tego nieupowa\u017cnione.<\/p>\n\n\n\n<p>U\u017cytkownikowi przys\u0142uguj\u0105 nast\u0119puj\u0105ce uprawnienia:<\/p>\n\n\n\n<p>* prawo do \u017c\u0105dania dost\u0119pu do swoich danych, ich sprostowania, usuni\u0119cia lub ograniczenia przetwarzania,<br>* prawo do wniesienia sprzeciwu wobec przetwarzania,<br>* prawo do przenoszenia danych,<br>* prawo do cofni\u0119cia zgody na przetwarzanie danych osobowych w okre\u015blonym celu, je\u017celi U\u017cytkownik uprzednio tak\u0105 zgod\u0119 wyrazi\u0142,<br>* prawo do wniesienia skargi do organu nadzorczego w zwi\u0105zku z przetwarzaniem danych osobowych przez Administratora<\/p>\n\n\n\n<p>Administrator zbiera dane dla oznaczonych, zgodnych z prawem cel\u00f3w, przetwarza je zgodnie z prawem i nie poddaje dalszemu przetwarzaniu niezgodnemu z tymi celami. Dane s\u0105 zbieranie jedynie w adekwatnym, niezb\u0119dnym i koniecznym zakresie w stosunku do cel\u00f3w, w jakich s\u0105 przetwarzane.<\/p>\n\n\n\n<p>Administrator nie przetwarza szczeg\u00f3lnych kategorii danych. Administrator dok\u0142ada wszelkich stara\u0144, aby chroni\u0107 dane przed nieuprawnionym dost\u0119pem os\u00f3b trzecich i w tym zakresie stosuje organizacyjne i techniczne \u015brodki bezpiecze\u0144stwa na wysokim poziomie. Administrator nie udost\u0119pnia danych \u017cadnym nieuprawnionym do tego zgodnie z bezwzgl\u0119dnie obowi\u0105zuj\u0105cymi w tym zakresie przepisami prawa odbiorcom.<\/p>\n\n\n\n<p>W zakresie us\u0142ug Administratora dane b\u0119d\u0105 przetwarzane przez okres, w kt\u00f3rym us\u0142ugi te b\u0119d\u0105 \u015bwiadczone oraz, w uzasadnionych wypadkach, po zako\u0144czeniu ich \u015bwiadczenia, jednak wy\u0142\u0105cznie je\u017celi jest dozwolone lub wymagane w \u015bwietle obowi\u0105zuj\u0105cego prawa np. przetwarzanie w celach statystycznych, rozliczeniowych lub w celu dochodzenia roszcze\u0144. W takim przypadku dane b\u0119d\u0105 przetwarzane jedynie przez okres niezb\u0119dny do realizacji odpowiednich cel\u00f3w.<\/p>\n\n\n\n<p><strong>Pliki cookies<\/strong><\/p>\n\n\n\n<p>Administrator wykorzystuje pliki cookies (ciasteczka), czyli niewielkie informacje tekstowe, przechowywane na urz\u0105dzeniu ko\u0144cowym U\u017cytkownika (np. komputerze, tablecie, smartfonie). Cookies mog\u0105 by\u0107 odczytywane przez system teleinformatyczny Administratora.<\/p>\n\n\n\n<p>Administrator przechowuje pliki cookies na urz\u0105dzeniu ko\u0144cowym U\u017cytkownika, a nast\u0119pnie uzyskuje dost\u0119p do informacji w nich zawartych w celach statystycznych, w celach marketingowych oraz w celu zapewnienia prawid\u0142owego dzia\u0142ania Strony.<\/p>\n\n\n\n<p>Administrator informuje niniejszym U\u017cytkownika, \u017ce istnieje mo\u017cliwo\u015b\u0107 takiej konfiguracji przegl\u0105darki internetowej, kt\u00f3ra uniemo\u017cliwia przechowywanie plik\u00f3w cookies na urz\u0105dzeniu ko\u0144cowym U\u017cytkownika. W takiej sytuacji, korzystanie ze Strony przez U\u017cytkownika mo\u017ce by\u0107 utrudnione.<\/p>\n\n\n\n<p>Administrator wskazuje niniejszym, \u017ce pliki cookies mog\u0105 by\u0107 przez U\u017cytkownika usuni\u0119te po ich zapisaniu przez Administratora, poprzez odpowiednie funkcje przegl\u0105darki internetowej, programy s\u0142u\u017c\u0105ce w tym celu lub skorzystanie z odpowiednich narz\u0119dzi dost\u0119pnych w ramach systemu operacyjnego, z kt\u00f3rego korzysta U\u017cytkownik.<\/p>\n\n\n\n<p><strong>Inne technologie i wtyczki spo\u0142eczno\u015bciowe<\/strong><\/p>\n\n\n\n<p>Administrator informuje niniejszym U\u017cytkownika, \u017ce stosuje nast\u0119puj\u0105ce technologie \u015bledz\u0105ce dzia\u0142ania podejmowane przez U\u017cytkownika w ramach Strony:<\/p>\n\n\n\n<p>Piksel konwersji Facebooka \u2013 w celu zarz\u0105dzania reklamami na Facebooku i prowadzenia dzia\u0142a\u0144 remarketingowych,<\/p>\n\n\n\n<p>Kod \u015bledzenia Google Analitycs \u2013 w celu analizy statystyk Strony.<\/p>\n\n\n\n<p>Administrator korzysta z funkcji zapewniaj\u0105cych wa\u017cne informacje oraz tre\u015b\u0107 zgodn\u0105 z indywidualnymi potrzebami u\u017cytkownika, pochodz\u0105ce z serwer\u00f3w podmiot\u00f3w prowadz\u0105cych serwisy:<\/p>\n\n\n\n<p>\u2013&nbsp;&nbsp;&nbsp;&nbsp; Facebook \u2013 przyciski \u201eLubi\u0119 to\u201d i \u201eRekomenduj\/Podziel si\u0119\u201d powi\u0105zane s\u0105 z serwisem Facebook. U\u017cywaj\u0105c przycisku \u201eLubi\u0119 to\u201d lub rekomenduj\u0105c obraz b\u0105d\u017a sekcje strony, a tak\u017ce zamieszczaj\u0105c komentarz u\u017cytkownik korzysta z serwisu Facebook, w kt\u00f3rym obowi\u0105zuj\u0105 zasady ochrony prywatno\u015bci Facebook, dost\u0119pne pod adresem: http:\/\/pl-pl.facebook.com\/help\/cookies<\/p>\n\n\n\n<p>\u2013&nbsp;&nbsp;&nbsp;&nbsp; Youtube \u2013 klipy wideo udost\u0119pniane z serwisu YouTube, stanowi\u0105 cz\u0119\u015b\u0107 serwisu Youtube. Korzystaj\u0105c z us\u0142ug YouTube u\u017cytkownik wyra\u017ca na zasady ochrony prywatno\u015bci, dost\u0119pne pod adresem: http:\/\/www.google.com\/intl\/en\/policies\/privacy\/<\/p>\n\n\n\n<p>\u2013&nbsp;&nbsp;&nbsp;&nbsp; Twitter \u2013 przycisk dodawania wpis\u00f3w, kt\u00f3ry powi\u0105zany jest z serwisem Twitter. Dodaj\u0105c wpis, u\u017cytkownik loguje si\u0119 w serwisie Twitter, w kt\u00f3rym obowi\u0105zuj\u0105 zasady ochrony prywatno\u015bci dost\u0119pne pod adresem: https:\/\/twitter.com\/privacy<\/p>\n\n\n\n<p><strong>Logi serwera<\/strong><\/p>\n\n\n\n<p>Korzystanie ze Strony wi\u0105\u017ce si\u0119 z przesy\u0142aniem zapyta\u0144 do serwera, na kt\u00f3rym przechowywana jest Strona.<\/p>\n\n\n\n<p>Ka\u017cde zapytanie skierowane do serwera zapisywane jest w logach (dzienniku zdarze\u0144) serwera.<\/p>\n\n\n\n<p>Logi obejmuj\u0105 m.in. adres IP U\u017cytkownika, dat\u0119 i czas serwera, informacje o przegl\u0105darce internetowej i systemie operacyjnym, z jakiego korzysta U\u017cytkownik.<\/p>\n\n\n\n<p>Logi zapisywane i przechowywane s\u0105 na serwerze.<\/p>\n\n\n\n<p>Dane zapisane w logach serwera nie s\u0105 kojarzone z konkretnymi osobami korzystaj\u0105cymi ze Strony i nie s\u0105 wykorzystywane przez Administratora w celu identyfikacji U\u017cytkownika.<\/p>\n\n\n\n<p>Logi serwera stanowi\u0105 wy\u0142\u0105cznie materia\u0142 pomocniczy s\u0142u\u017c\u0105cy do administrowania Stron\u0105, a ich zawarto\u015b\u0107 nie jest ujawniana nikomu poza osobami upowa\u017cnionymi do administrowania serwerem.<\/p>\n\n\n\n<p><strong>Podstawa prawna przetwarzania danych osobowych<\/strong><\/p>\n\n\n\n<p>Podstaw\u0105 prawn\u0105 przetwarzania Twoich danych w celach marketingowych jest&nbsp;<strong>Twoja dobrowolna zgoda na przetwarzanie danych<\/strong>, w tym na profilowanie (art. 6 ust. 1 lit a Rozporz\u0105dzenia Parlamentu Europejskiego i Rady (UE) 2016\/679 z dnia 27 kwietnia 2016 r. w sprawie ochrony os\u00f3b fizycznych w zwi\u0105zku z przetwarzaniem danych osobowych i w sprawie swobodnego przep\u0142ywu takich danych oraz uchylenia dyrektywy 95\/46\/WE \u2013 \u201eRODO\u201d).<\/p>\n\n\n\n<p>W odniesieniu do \u015bwiadczenia us\u0142ug przez Administratora Twoje dane b\u0119d\u0105 przetwarzane na podstawie art. 6 ust. 1 lit b RODO (jest to niezb\u0119dne do wykonania umowy, kt\u00f3rej stron\u0105 jest osoba, kt\u00f3rej dane dotycz\u0105).<\/p>\n\n\n\n<p>W celu dopasowania tre\u015bci stron internetowych, serwis\u00f3w, aplikacji i innych funkcjonalno\u015bci do Twoich zainteresowa\u0144, a tak\u017ce wykrywania nadu\u017cy\u0107 oraz pomiar\u00f3w statystycznych (badania Gemius\/PBI\/Google Analitics\/Deep.BI) i udoskonalenia us\u0142ug \u015bwiadczonych przez Administratora, Twoje dane b\u0119d\u0105 przetwarzane na podstawie art. 6 ust. 1 lit. f) RODO (uzasadniony interes administratora).<\/p>\n","protected":false},"excerpt":{"rendered":"<p>Szanowni Pa\u0144stwo,W zwi\u0105zku z realizacj\u0105 projektu Kompetentne i kreatywne kszta\u0142cenie og\u00f3lne, dokt\u00f3rego przyst\u0105pili Pa\u0144stwo poprzez podpisanie O\u015bwiadczenia uczestnika projektu,informujemy o zmianie administratora danych osobowych.Nowym administratorem Pa\u0144stwa danych osobowych jest Zarz\u0105d Wojew\u00f3dztwaOpolskiego z siedzib\u0105 przy ul. Ostr\u00f3wek 5, 45-088 Opole, a nie jak pierwotniewskazano Marsza\u0142ek Wojew\u00f3dztwa Opolskiego.Pa\u0144stwa dane osobowe b\u0119d\u0105 przetwarzane zgodnie z obowi\u0105zuj\u0105cymi przepisami, aszczeg\u00f3\u0142owe [&hellip;]<\/p>\n","protected":false},"author":2,"featured_media":0,"parent":0,"menu_order":0,"comment_status":"closed","ping_status":"closed","template":"","meta":{"footnotes":""},"class_list":["post-224","page","type-page","status-publish","hentry"],"_links":{"self":[{"href":"https:\/\/kompetentnelo.oce.opolskie.pl\/index.php\/wp-json\/wp\/v2\/pages\/224","targetHints":{"allow":["GET"]}}],"collection":[{"href":"https:\/\/kompetentnelo.oce.opolskie.pl\/index.php\/wp-json\/wp\/v2\/pages"}],"about":[{"href":"https:\/\/kompetentnelo.oce.opolskie.pl\/index.php\/wp-json\/wp\/v2\/types\/page"}],"author":[{"embeddable":true,"href":"https:\/\/kompetentnelo.oce.opolskie.pl\/index.php\/wp-json\/wp\/v2\/users\/2"}],"replies":[{"embeddable":true,"href":"https:\/\/kompetentnelo.oce.opolskie.pl\/index.php\/wp-json\/wp\/v2\/comments?post=224"}],"version-history":[{"count":4,"href":"https:\/\/kompetentnelo.oce.opolskie.pl\/index.php\/wp-json\/wp\/v2\/pages\/224\/revisions"}],"predecessor-version":[{"id":539,"href":"https:\/\/kompetentnelo.oce.opolskie.pl\/index.php\/wp-json\/wp\/v2\/pages\/224\/revisions\/539"}],"wp:attachment":[{"href":"https:\/\/kompetentnelo.oce.opolskie.pl\/index.php\/wp-json\/wp\/v2\/media?parent=224"}],"curies":[{"name":"wp","href":"https:\/\/api.w.org\/{rel}","templated":true}]}}