{"id":19,"date":"2024-05-13T13:23:13","date_gmt":"2024-05-13T11:23:13","guid":{"rendered":"http:\/\/kompetentnelo.oce.opolskie.pl\/?page_id=19"},"modified":"2025-09-23T13:18:23","modified_gmt":"2025-09-23T11:18:23","slug":"uczniowie","status":"publish","type":"page","link":"https:\/\/kompetentnelo.oce.opolskie.pl\/index.php\/uczniowie\/","title":{"rendered":"Uczniowie"},"content":{"rendered":"\t\t<div data-elementor-type=\"wp-page\" data-elementor-id=\"19\" class=\"elementor elementor-19\">\n\t\t\t\t<div class=\"elementor-element elementor-element-206cbb98 e-flex e-con-boxed e-con e-parent\" data-id=\"206cbb98\" data-element_type=\"container\">\n\t\t\t\t\t<div class=\"e-con-inner\">\n\t\t\t\t<div class=\"elementor-element elementor-element-9f8d472 elementor-widget elementor-widget-text-editor\" data-id=\"9f8d472\" data-element_type=\"widget\" data-widget_type=\"text-editor.default\">\n\t\t\t\t<div class=\"elementor-widget-container\">\n\t\t\t<style>\/*! elementor - v3.21.0 - 22-05-2024 *\/\n.elementor-widget-text-editor.elementor-drop-cap-view-stacked .elementor-drop-cap{background-color:#69727d;color:#fff}.elementor-widget-text-editor.elementor-drop-cap-view-framed .elementor-drop-cap{color:#69727d;border:3px solid;background-color:transparent}.elementor-widget-text-editor:not(.elementor-drop-cap-view-default) .elementor-drop-cap{margin-top:8px}.elementor-widget-text-editor:not(.elementor-drop-cap-view-default) .elementor-drop-cap-letter{width:1em;height:1em}.elementor-widget-text-editor .elementor-drop-cap{float:left;text-align:center;line-height:1;font-size:50px}.elementor-widget-text-editor .elementor-drop-cap-letter{display:inline-block}<\/style>\t\t\t\t<p><strong>Wersja WORD<\/strong><\/p>\n<p><!-- \/wp:paragraph --><!-- wp:file {\"id\":491,\"href\":\"http:\/\/kompetentnelo.oce.opolskie.pl\/wp-content\/uploads\/2025\/04\/Zgloszenie-ucznia-formularz-zgloszeniowy-od_25.04.2025.docx\"} -->&lt;\/<\/p>\n<div>\n<div class=\"wp-block-file\"><a href=\"http:\/\/kompetentnelo.oce.opolskie.pl\/wp-content\/uploads\/2025\/09\/formularz-zgloszeniowy-5.7-aktualny.docx\">Zgloszenie-ucznia-formularz-zgloszeniowy-od_17.07.2025<\/a>\n<div>\u00a0<\/div>\n<div><a href=\"http:\/\/kompetentnelo.oce.opolskie.pl\/wp-content\/uploads\/2025\/05\/Regulamin-Uczestnictwa-uczniow-w-Projekcie-od-25.04.2025.docx\">Regulamin-Uczestnictwa-uczniow-w-Projekcie-od-25.04.2025<\/a><\/div>\n<div>\u00a0<\/div>\n<div><a href=\"http:\/\/kompetentnelo.oce.opolskie.pl\/wp-content\/uploads\/2025\/04\/Zmiana-adminisratora-danych-osobowych-komunikat.docx\">Zmiana adminisratora danych osobowych komunikat<\/a><a href=\"http:\/\/kompetentnelo.oce.opolskie.pl\/wp-content\/uploads\/2025\/05\/Zmiana-adminisratora-danych-osobowych-komunikat.pdf\">\u00a0<!-- wp:paragraph --><\/a><\/div>\n<div class=\"wp-block-file\">\n<p>\u00a0<\/p>\n<\/div>\n<strong>Wersja PDF<\/strong>&lt;\/&gt;<\/div>\n<\/div>\n<!-- \/wp:paragraph -->\n<p><a href=\"http:\/\/kompetentnelo.oce.opolskie.pl\/wp-content\/uploads\/2025\/09\/formularz-zgloszeniowy-5.7-od-17.07.2025.pdf\">Zgloszenie-ucznia-formularz-zgloszeniowy-od_17.07.2025<\/a><\/p>\n<p><a href=\"http:\/\/kompetentnelo.oce.opolskie.pl\/wp-content\/uploads\/2025\/05\/Regulamin-Uczestnictwa-uczniow-w-Projekcie-od-25.04.2025.pdf\">Regulamin-Uczestnictwa-uczniow-w-Projekcie-od-25.04.2025<\/a><\/p>\n<p><a href=\"http:\/\/kompetentnelo.oce.opolskie.pl\/wp-content\/uploads\/2025\/05\/Zmiana-adminisratora-danych-osobowych-komunikat.pdf\">Zmiana adminisratora danych osobowych komunikat<\/a><\/p>\n<p><!-- \/wp:paragraph --><!-- wp:file {\"id\":492,\"href\":\"http:\/\/kompetentnelo.oce.opolskie.pl\/wp-content\/uploads\/2025\/04\/Zgloszenie-ucznia-formularz-zgloszeniowy-od_25.04.2025.pdf\",\"displayPreview\":true} --><\/p>\n<div class=\"wp-block-file\">\n<p><object class=\"wp-block-file__embed\" style=\"width: 100%; height: 600px;\" data=\"http:\/\/kompetentnelo.oce.opolskie.pl\/wp-content\/uploads\/2025\/04\/Zgloszenie-ucznia-formularz-zgloszeniowy-od_25.04.2025.pdf\" type=\"application\/pdf\" width=\"300\" height=\"150\" aria-label=\"Zgloszenie-ucznia-formularz-zgloszeniowy-od_25.04.2025\"><\/object><a id=\"wp-block-file--media-353e299a-ea01-4fe2-8bc3-22030574fb43\" href=\"http:\/\/kompetentnelo.oce.opolskie.pl\/wp-content\/uploads\/2025\/04\/Zgloszenie-ucznia-formularz-zgloszeniowy-od_25.04.2025.pdf\"><\/a><\/p>\n<p><a href=\"http:\/\/kompetentnelo.oce.opolskie.pl\/wp-content\/uploads\/2024\/12\/Regulamin-Uczestnictwa-Uczniow-w-Projekcie-.pdf\" data-type=\"link\" data-id=\"http:\/\/kompetentnelo.oce.opolskie.pl\/wp-content\/uploads\/2024\/12\/Regulamin-Uczestnictwa-Uczniow-w-Projekcie-.pdf\"><!-- \/wp:paragraph --><!-- wp:paragraph --><!-- \/wp:paragraph --><!-- wp:paragraph --><!-- \/wp:paragraph --><!-- wp:paragraph --><\/a><\/p>\n<p><strong>Inne dokumenty<\/strong><\/p>\n<p><a href=\"http:\/\/kompetentnelo.oce.opolskie.pl\/wp-content\/uploads\/2024\/12\/Regulamin-Uczestnictwa-Uczniow-w-Projekcie-.pdf\" data-type=\"link\" data-id=\"http:\/\/kompetentnelo.oce.opolskie.pl\/wp-content\/uploads\/2024\/12\/Regulamin-Uczestnictwa-Uczniow-w-Projekcie-.pdf\"><!-- \/wp:paragraph --><!-- wp:paragraph --><\/a><\/p>\n<\/div>\n<p><a href=\"http:\/\/kompetentnelo.oce.opolskie.pl\/wp-content\/uploads\/2024\/12\/DEGURBA_i_OSI.jpg\" data-type=\"link\" data-id=\"http:\/\/kompetentnelo.oce.opolskie.pl\/wp-content\/uploads\/2024\/12\/DEGURBA_i_OSI.jpg\">Podzia\u0142 wojew\u00f3dztwa wg. DEGURBA (naniesione na map\u0119 obszary OSI)<\/a><\/p>\n<p><a href=\"http:\/\/kompetentnelo.oce.opolskie.pl\/wp-content\/uploads\/2024\/12\/Regulamin-Uczestnictwa-Uczniow-w-Projekcie-.pdf\" data-type=\"link\" data-id=\"http:\/\/kompetentnelo.oce.opolskie.pl\/wp-content\/uploads\/2024\/12\/Regulamin-Uczestnictwa-Uczniow-w-Projekcie-.pdf\"><!-- \/wp:paragraph --><!-- wp:file {\"id\":487,\"href\":\"http:\/\/kompetentnelo.oce.opolskie.pl\/wp-content\/uploads\/2025\/04\/Zmiana-adminisratora-danych-osobowych-komunikat.docx\"} --><\/a><\/p>\n<div class=\"wp-block-file\">\u00a0<\/div>\n<p><a href=\"http:\/\/kompetentnelo.oce.opolskie.pl\/wp-content\/uploads\/2024\/12\/Regulamin-Uczestnictwa-Uczniow-w-Projekcie-.pdf\" data-type=\"link\" data-id=\"http:\/\/kompetentnelo.oce.opolskie.pl\/wp-content\/uploads\/2024\/12\/Regulamin-Uczestnictwa-Uczniow-w-Projekcie-.pdf\"><!-- \/wp:file --><\/a><\/p>\n<div>\u00a0<\/div>\n<div>\u00a0<\/div>\t\t\t\t\t\t<\/div>\n\t\t\t\t<\/div>\n\t\t\t\t\t<\/div>\n\t\t\t\t<\/div>\n\t\t\t\t<\/div>\n\t\t","protected":false},"excerpt":{"rendered":"<p>Wersja WORD &lt;\/ Zgloszenie-ucznia-formularz-zgloszeniowy-od_17.07.2025 \u00a0 Regulamin-Uczestnictwa-uczniow-w-Projekcie-od-25.04.2025 \u00a0 Zmiana adminisratora danych osobowych komunikat\u00a0 \u00a0 Wersja PDF&lt;\/&gt; Zgloszenie-ucznia-formularz-zgloszeniowy-od_17.07.2025 Regulamin-Uczestnictwa-uczniow-w-Projekcie-od-25.04.2025 Zmiana adminisratora danych osobowych komunikat Inne dokumenty Podzia\u0142 wojew\u00f3dztwa wg. DEGURBA (naniesione na map\u0119 obszary OSI) \u00a0 \u00a0 \u00a0<\/p>\n","protected":false},"author":2,"featured_media":0,"parent":0,"menu_order":0,"comment_status":"closed","ping_status":"closed","template":"","meta":{"footnotes":""},"class_list":["post-19","page","type-page","status-publish","hentry"],"_links":{"self":[{"href":"https:\/\/kompetentnelo.oce.opolskie.pl\/index.php\/wp-json\/wp\/v2\/pages\/19","targetHints":{"allow":["GET"]}}],"collection":[{"href":"https:\/\/kompetentnelo.oce.opolskie.pl\/index.php\/wp-json\/wp\/v2\/pages"}],"about":[{"href":"https:\/\/kompetentnelo.oce.opolskie.pl\/index.php\/wp-json\/wp\/v2\/types\/page"}],"author":[{"embeddable":true,"href":"https:\/\/kompetentnelo.oce.opolskie.pl\/index.php\/wp-json\/wp\/v2\/users\/2"}],"replies":[{"embeddable":true,"href":"https:\/\/kompetentnelo.oce.opolskie.pl\/index.php\/wp-json\/wp\/v2\/comments?post=19"}],"version-history":[{"count":30,"href":"https:\/\/kompetentnelo.oce.opolskie.pl\/index.php\/wp-json\/wp\/v2\/pages\/19\/revisions"}],"predecessor-version":[{"id":553,"href":"https:\/\/kompetentnelo.oce.opolskie.pl\/index.php\/wp-json\/wp\/v2\/pages\/19\/revisions\/553"}],"wp:attachment":[{"href":"https:\/\/kompetentnelo.oce.opolskie.pl\/index.php\/wp-json\/wp\/v2\/media?parent=19"}],"curies":[{"name":"wp","href":"https:\/\/api.w.org\/{rel}","templated":true}]}}