{"id":141,"date":"2024-05-14T09:25:43","date_gmt":"2024-05-14T07:25:43","guid":{"rendered":"http:\/\/kompetentnelo.oce.opolskie.pl\/?page_id=141"},"modified":"2024-11-18T13:21:26","modified_gmt":"2024-11-18T12:21:26","slug":"harmonogramy","status":"publish","type":"page","link":"https:\/\/kompetentnelo.oce.opolskie.pl\/index.php\/harmonogramy\/","title":{"rendered":"Harmonogramy"},"content":{"rendered":"\n<table id=\"tablepress-2\" class=\"tablepress tablepress-id-2\">\n<thead>\n<tr class=\"row-1\">\n\t<th class=\"column-1\">Rodzaj wsparcia<\/th><th class=\"column-2\">Data\u00a0realizacji wsparcia<\/th><th class=\"column-3\">Godziny realizacji wsparcia<\/th><th class=\"column-4\">Miejsce realizacji wsparcia<\/th><th class=\"column-5\">Forma realizacji wsparcia<\/th><th class=\"column-6\">Dane prowdz\u0105cego wsparcie<\/th><th class=\"column-7\">Liczba uczestnik\u00f3w wsparcia<\/th>\n<\/tr>\n<\/thead>\n<tbody class=\"row-striping row-hover\">\n<tr class=\"row-2\">\n\t<td class=\"column-1\">Studia podyplomowe<\/td><td class=\"column-2\">16.11.2024<\/td><td class=\"column-3\">10:00-14:00<\/td><td class=\"column-4\">Akademia Nauk Stosowanych - Wy\u017csza Szko\u0142a Zarz\u0105dzania i Administracji, Niedzia\u0142kowskiego 18, Opole<\/td><td class=\"column-5\">studia<\/td><td class=\"column-6\">ANS-WSZiA<\/td><td class=\"column-7\">23<\/td>\n<\/tr>\n<tr class=\"row-3\">\n\t<td class=\"column-1\">Studia podyplomowe<\/td><td class=\"column-2\">22.11.2024<\/td><td class=\"column-3\">16:30-20:15<\/td><td class=\"column-4\">Akademia Nauk Stosowanych - Wy\u017csza Szko\u0142a Zarz\u0105dzania i Administracji, on-line<\/td><td class=\"column-5\">studia<\/td><td class=\"column-6\">ANS-WSZiA<\/td><td class=\"column-7\">23<\/td>\n<\/tr>\n<tr class=\"row-4\">\n\t<td class=\"column-1\">Studia podyplomowe<\/td><td class=\"column-2\">23.11.2024<\/td><td class=\"column-3\">8:00-14:00<\/td><td class=\"column-4\">Akademia Nauk Stosowanych - Wy\u017csza Szko\u0142a Zarz\u0105dzania i Administracji, Sala 110 ul. Ozimska 63<\/td><td class=\"column-5\">studia<\/td><td class=\"column-6\">ANS-WSZiA<\/td><td class=\"column-7\">23<\/td>\n<\/tr>\n<tr class=\"row-5\">\n\t<td class=\"column-1\">Warsztaty z doradztwa edukacyjno-zawodowego<\/td><td class=\"column-2\">26.11.2024<\/td><td class=\"column-3\">8:00 - 16:00<\/td><td class=\"column-4\">Publiczne Liceum Og\u00f3lnokszta\u0142c\u0105ce w Niemodlinie<\/td><td class=\"column-5\">warsztaty<\/td><td class=\"column-6\">Aleksandra Osuch \"Facetka od Kariery\"<\/td><td class=\"column-7\">25<\/td>\n<\/tr>\n<tr class=\"row-6\">\n\t<td class=\"column-1\">Studia podyplomowe<\/td><td class=\"column-2\">29.11.2024<\/td><td class=\"column-3\">16:30-20:15<\/td><td class=\"column-4\">Akademia Nauk Stosowanych - Wy\u017csza Szko\u0142a Zarz\u0105dzania i Administracji, on-line<\/td><td class=\"column-5\">studia<\/td><td class=\"column-6\">ANS-WSZiA<\/td><td class=\"column-7\">23<\/td>\n<\/tr>\n<tr class=\"row-7\">\n\t<td class=\"column-1\">Warsztaty z doradztwa edukacyjno-zawodowego<\/td><td class=\"column-2\">03.12.2024<\/td><td class=\"column-3\">8:00 - 16:00<\/td><td class=\"column-4\">Publiczne Liceum w Tu\u0142owiach<\/td><td class=\"column-5\">warsztaty<\/td><td class=\"column-6\">Aleksandra Osuch \"Facetka od Kariery\"<\/td><td class=\"column-7\">25<\/td>\n<\/tr>\n<tr class=\"row-8\">\n\t<td class=\"column-1\">Warsztaty dla kadry pedagogicznej<\/td><td class=\"column-2\">03-04.12.2024<\/td><td class=\"column-3\">od 11:00 - 3.12 do 16:00 4.12<\/td><td class=\"column-4\">Hotel DeSilva Opole<\/td><td class=\"column-5\">warsztaty<\/td><td class=\"column-6\">OCE<\/td><td class=\"column-7\">od 36 do 45<\/td>\n<\/tr>\n<tr class=\"row-9\">\n\t<td class=\"column-1\">Studia podyplomowe<\/td><td class=\"column-2\">06.12.2024<\/td><td class=\"column-3\">16:30-20:15<\/td><td class=\"column-4\">Akademia Nauk Stosowanych - Wy\u017csza Szko\u0142a Zarz\u0105dzania i Administracji, on-line<\/td><td class=\"column-5\">studia<\/td><td class=\"column-6\">ANS-WSZiA<\/td><td class=\"column-7\">23<\/td>\n<\/tr>\n<tr class=\"row-10\">\n\t<td class=\"column-1\">Studia podyplomowe<\/td><td class=\"column-2\">07.12.2024<\/td><td class=\"column-3\">8:00-17:50 z przerwami<\/td><td class=\"column-4\">Akademia Nauk Stosowanych - Wy\u017csza Szko\u0142a Zarz\u0105dzania i Administracji, Sala 1 ul. Ozimska 63<\/td><td class=\"column-5\">studia<\/td><td class=\"column-6\">ANS-WSZiA<\/td><td class=\"column-7\">23<\/td>\n<\/tr>\n<tr class=\"row-11\">\n\t<td class=\"column-1\">Studia podyplomowe<\/td><td class=\"column-2\">13.12.2024<\/td><td class=\"column-3\">16:30-20:15<\/td><td class=\"column-4\">Akademia Nauk Stosowanych - Wy\u017csza Szko\u0142a Zarz\u0105dzania i Administracji, on-line<\/td><td class=\"column-5\">studia<\/td><td class=\"column-6\">ANS-WSZiA<\/td><td class=\"column-7\">23<\/td>\n<\/tr>\n<tr class=\"row-12\">\n\t<td class=\"column-1\">Warsztaty z doradztwa edukacyjno-zawodowego<\/td><td class=\"column-2\">13.12.2024<\/td><td class=\"column-3\">8:00 - 16:00<\/td><td class=\"column-4\">Liceum Og\u00f3lnokszta\u0142c\u0105ce w Grodkowie<\/td><td class=\"column-5\">warsztaty<\/td><td class=\"column-6\">Aleksandra Osuch \"Facetka od Kariery\"<\/td><td class=\"column-7\">25<\/td>\n<\/tr>\n<tr class=\"row-13\">\n\t<td class=\"column-1\">Warsztaty z doradztwa edukacyjno-zawodowego<\/td><td class=\"column-2\">19.12.2024<\/td><td class=\"column-3\">8:00 - 16:00<\/td><td class=\"column-4\">Liceum Og\u00f3lnokszta\u0142c\u0105ce w Pr\u00f3szkowie<\/td><td class=\"column-5\">warsztaty<\/td><td class=\"column-6\">Aleksandra Osuch \"Facetka od Kariery\"<\/td><td class=\"column-7\">25<\/td>\n<\/tr>\n<tr class=\"row-14\">\n\t<td class=\"column-1\">Studia podyplomowe<\/td><td class=\"column-2\">10.01.2025<\/td><td class=\"column-3\">16:30-20:15<\/td><td class=\"column-4\">Akademia Nauk Stosowanych - Wy\u017csza Szko\u0142a Zarz\u0105dzania i Administracji, on-line<\/td><td class=\"column-5\">studia<\/td><td class=\"column-6\">ANS-WSZiA<\/td><td class=\"column-7\">23<\/td>\n<\/tr>\n<tr class=\"row-15\">\n\t<td class=\"column-1\">Studia podyplomowe<\/td><td class=\"column-2\">11.01.2025<\/td><td class=\"column-3\">8:00-17:30<\/td><td class=\"column-4\">Akademia Nauk Stosowanych - Wy\u017csza Szko\u0142a Zarz\u0105dzania i Administracji, on-line<\/td><td class=\"column-5\">studia<\/td><td class=\"column-6\">ANS-WSZiA<\/td><td class=\"column-7\">23<\/td>\n<\/tr>\n<tr class=\"row-16\">\n\t<td class=\"column-1\">Warsztaty z doradztwa edukacyjno-zawodowego<\/td><td class=\"column-2\">14.01.2025<\/td><td class=\"column-3\">8:00 - 16:00<\/td><td class=\"column-4\">Liceum Og\u00f3lnokszta\u0142c\u0105ce w Grodkowie<\/td><td class=\"column-5\">warsztaty<\/td><td class=\"column-6\">Aleksandra Osuch \"Facetka od Kariery\"<\/td><td class=\"column-7\">25<\/td>\n<\/tr>\n<tr class=\"row-17\">\n\t<td class=\"column-1\">Studia podyplomowe<\/td><td class=\"column-2\">17.01.2025<\/td><td class=\"column-3\">16:30-20:15<\/td><td class=\"column-4\">Akademia Nauk Stosowanych - Wy\u017csza Szko\u0142a Zarz\u0105dzania i Administracji, on-line<\/td><td class=\"column-5\">studia<\/td><td class=\"column-6\">ANS-WSZiA<\/td><td class=\"column-7\">23<\/td>\n<\/tr>\n<tr class=\"row-18\">\n\t<td class=\"column-1\">Warsztaty z doradztwa edukacyjno-zawodowego<\/td><td class=\"column-2\">17.01.2025<\/td><td class=\"column-3\">8:00 - 16:00<\/td><td class=\"column-4\">Liceum Og\u00f3lnokszta\u0142c\u0105ce w Grodkowie<\/td><td class=\"column-5\">warsztaty<\/td><td class=\"column-6\">Aleksandra Osuch \"Facetka od Kariery\"<\/td><td class=\"column-7\">25<\/td>\n<\/tr>\n<tr class=\"row-19\">\n\t<td class=\"column-1\">Studia podyplomowe<\/td><td class=\"column-2\">18.01.2025<\/td><td class=\"column-3\">10:00-16:00<\/td><td class=\"column-4\">Akademia Nauk Stosowanych - Wy\u017csza Szko\u0142a Zarz\u0105dzania i Administracji, Niedzia\u0142kowskiego 18, Opole<\/td><td class=\"column-5\">studia<\/td><td class=\"column-6\">ANS-WSZiA<\/td><td class=\"column-7\">23<\/td>\n<\/tr>\n<tr class=\"row-20\">\n\t<td class=\"column-1\">Warsztaty z doradztwa edukacyjno-zawodowego<\/td><td class=\"column-2\">21.01.2025<\/td><td class=\"column-3\">8:00 - 16:00<\/td><td class=\"column-4\">II Liceum Og\u00f3lnokszta\u0142c\u0105ce w Brzegu<\/td><td class=\"column-5\">warsztaty<\/td><td class=\"column-6\">Aleksandra Osuch \"Facetka od Kariery\"<\/td><td class=\"column-7\">25<\/td>\n<\/tr>\n<tr class=\"row-21\">\n\t<td class=\"column-1\">Studia podyplomowe<\/td><td class=\"column-2\">24.01.2025<\/td><td class=\"column-3\">16:30-20:15<\/td><td class=\"column-4\">Akademia Nauk Stosowanych - Wy\u017csza Szko\u0142a Zarz\u0105dzania i Administracji, on-line<\/td><td class=\"column-5\">studia<\/td><td class=\"column-6\">ANS-WSZiA<\/td><td class=\"column-7\">23<\/td>\n<\/tr>\n<tr class=\"row-22\">\n\t<td class=\"column-1\">Warsztaty z doradztwa edukacyjno-zawodowego<\/td><td class=\"column-2\">24.01.2025<\/td><td class=\"column-3\">8:00 - 16:00<\/td><td class=\"column-4\">Zesp\u00f3\u0142 Szk\u00f3\u0142 w Dobrzeniu Wielkim<\/td><td class=\"column-5\">warsztaty<\/td><td class=\"column-6\">Aleksandra Osuch \"Facetka od Kariery\"<\/td><td class=\"column-7\">25<\/td>\n<\/tr>\n<tr class=\"row-23\">\n\t<td class=\"column-1\">Warsztaty z doradztwa edukacyjno-zawodowego<\/td><td class=\"column-2\">28.01.2025<\/td><td class=\"column-3\">8:00 - 16:00<\/td><td class=\"column-4\">Liceum Og\u00f3lnokszta\u0142c\u0105ce w Dobrodzieniu<\/td><td class=\"column-5\">warsztaty<\/td><td class=\"column-6\">Aleksandra Osuch \"Facetka od Kariery\"<\/td><td class=\"column-7\">25<\/td>\n<\/tr>\n<tr class=\"row-24\">\n\t<td class=\"column-1\">Studia podyplomowe<\/td><td class=\"column-2\">31.01.2025<\/td><td class=\"column-3\">16:30-20:15<\/td><td class=\"column-4\">Akademia Nauk Stosowanych - Wy\u017csza Szko\u0142a Zarz\u0105dzania i Administracji, on-line<\/td><td class=\"column-5\">studia<\/td><td class=\"column-6\">ANS-WSZiA<\/td><td class=\"column-7\">23<\/td>\n<\/tr>\n<tr class=\"row-25\">\n\t<td class=\"column-1\">Studia podyplomowe<\/td><td class=\"column-2\">08.02.2025<\/td><td class=\"column-3\">8:00-17:50 z przerwami<\/td><td class=\"column-4\">Akademia Nauk Stosowanych - Wy\u017csza Szko\u0142a Zarz\u0105dzania i Administracji, Sala 1 ul. Ozimska 63<\/td><td class=\"column-5\">studia<\/td><td class=\"column-6\">ANS-WSZiA<\/td><td class=\"column-7\">23<\/td>\n<\/tr>\n<tr class=\"row-26\">\n\t<td class=\"column-1\">Warsztaty z doradztwa edukacyjno-zawodowego<\/td><td class=\"column-2\">17.02.2025<\/td><td class=\"column-3\">8:00 - 16:00<\/td><td class=\"column-4\">PUBLICZNE LICEUM OG\u00d3LNOKSZTA\u0141C\u0104CE NR VIII IM. ALEKSANDRA KAMI\u0143SKIEGO W OPOLU<\/td><td class=\"column-5\">warsztaty<\/td><td class=\"column-6\">Aleksandra Osuch \"Facetka od Kariery\"<\/td><td class=\"column-7\">25<\/td>\n<\/tr>\n<tr class=\"row-27\">\n\t<td class=\"column-1\">Studia podyplomowe<\/td><td class=\"column-2\">21.02.2025<\/td><td class=\"column-3\">16:30-17:45<\/td><td class=\"column-4\">Akademia Nauk Stosowanych - Wy\u017csza Szko\u0142a Zarz\u0105dzania i Administracji, on-line<\/td><td class=\"column-5\">studia<\/td><td class=\"column-6\">ANS-WSZiA<\/td><td class=\"column-7\">23<\/td>\n<\/tr>\n<tr class=\"row-28\">\n\t<td class=\"column-1\">Warsztaty z doradztwa edukacyjno-zawodowego<\/td><td class=\"column-2\">21.02.2025<\/td><td class=\"column-3\">8:00 - 16:00<\/td><td class=\"column-4\">PUBLICZNE LICEUM OG\u00d3LNOKSZTA\u0141C\u0104CE NR IX IM. GENERA\u0141A W\u0141ADYS\u0141AWA ANDERSA W OPOLU<\/td><td class=\"column-5\">warsztaty<\/td><td class=\"column-6\">Aleksandra Osuch \"Facetka od Kariery\"<\/td><td class=\"column-7\">25<\/td>\n<\/tr>\n<tr class=\"row-29\">\n\t<td class=\"column-1\">Warsztaty z doradztwa edukacyjno-zawodowego<\/td><td class=\"column-2\">24.02.2025<\/td><td class=\"column-3\">8:00 - 16:00<\/td><td class=\"column-4\">PUBLICZNE LICEUM OG\u00d3LNOKSZTA\u0141C\u0104CE NR VIII IM. ALEKSANDRA KAMI\u0143SKIEGO W OPOLU<\/td><td class=\"column-5\">warsztaty<\/td><td class=\"column-6\">Aleksandra Osuch \"Facetka od Kariery\"<\/td><td class=\"column-7\">25<\/td>\n<\/tr>\n<tr class=\"row-30\">\n\t<td class=\"column-1\">Warsztaty z doradztwa edukacyjno-zawodowego<\/td><td class=\"column-2\">28.02.2025<\/td><td class=\"column-3\">8:00 - 16:00<\/td><td class=\"column-4\">I LICEUM OG\u00d3LNOKSZTA\u0141C\u0104CE IM. BOLES\u0141AWA CHROBREGO W BRZEGU<\/td><td class=\"column-5\">warsztaty<\/td><td class=\"column-6\">Aleksandra Osuch \"Facetka od Kariery\"<\/td><td class=\"column-7\">25<\/td>\n<\/tr>\n<tr class=\"row-31\">\n\t<td class=\"column-1\">Warsztaty z doradztwa edukacyjno-zawodowego<\/td><td class=\"column-2\">05.03.2025<\/td><td class=\"column-3\">8:00 - 16:00<\/td><td class=\"column-4\">I LICEUM OG\u00d3LNOKSZTA\u0141C\u0104CE IM JAROS\u0141AWA IWASZKIEWICZA W NAMYS\u0141OWIE<\/td><td class=\"column-5\">warsztaty<\/td><td class=\"column-6\">Aleksandra Osuch \"Facetka od Kariery\"<\/td><td class=\"column-7\">25<\/td>\n<\/tr>\n<tr class=\"row-32\">\n\t<td class=\"column-1\">Warsztaty z doradztwa edukacyjno-zawodowego<\/td><td class=\"column-2\">31.03.2025<\/td><td class=\"column-3\">8:00 - 16:00<\/td><td class=\"column-4\">SPO\u0141ECZNE LICEUM OG\u00d3LNOKSZTA\u0141C\u0104CE SPO\u0141ECZNEGO TOWARZYSTWA O\u015aWIATOWEGO<\/td><td class=\"column-5\">warsztaty<\/td><td class=\"column-6\">Aleksandra Osuch \"Facetka od Kariery\"<\/td><td class=\"column-7\">25<\/td>\n<\/tr>\n<tr class=\"row-33\">\n\t<td class=\"column-1\">Szkolenia dla kadry pedagogicznej<\/td><td class=\"column-2\">03.03.2025<\/td><td class=\"column-3\">14:00-20:00<\/td><td class=\"column-4\">II Liceum Og\u00f3lnokszta\u0142c\u0105ce w Brzegu<\/td><td class=\"column-5\">szkolenie<\/td><td class=\"column-6\">ANS-WSZiA<\/td><td class=\"column-7\">10-15<\/td>\n<\/tr>\n<tr class=\"row-34\">\n\t<td class=\"column-1\">Warsztaty z doradztwa edukacyjno-zawodowego<\/td><td class=\"column-2\">18.03.2025<\/td><td class=\"column-3\">8:00 - 16:00<\/td><td class=\"column-4\">NIEPUBLICZNE LICEUM OG\u00d3LNOKSZTA\u0141C\u0104CE \"MEDYK\" W NYSIE<\/td><td class=\"column-5\">warsztaty<\/td><td class=\"column-6\">Aleksandra Osuch \"Facetka od Kariery\"<\/td><td class=\"column-7\">25<\/td>\n<\/tr>\n<tr class=\"row-35\">\n\t<td class=\"column-1\">Studia podyplomowe<\/td><td class=\"column-2\">08.03.2025<\/td><td class=\"column-3\">10:00-14:00<\/td><td class=\"column-4\">Akademia Nauk Stosowanych - Wy\u017csza Szko\u0142a Zarz\u0105dzania i Administracji<\/td><td class=\"column-5\">studia<\/td><td class=\"column-6\">ANS-WSZiA<\/td><td class=\"column-7\">27<\/td>\n<\/tr>\n<tr class=\"row-36\">\n\t<td class=\"column-1\">Warsztaty z doradztwa edukacyjno-zawodowego<\/td><td class=\"column-2\">13.03.2025<\/td><td class=\"column-3\">8:00 - 16:00<\/td><td class=\"column-4\">LICEUM OG\u00d3LNOKSZTA\u0141C\u0104CE Z ODDZIA\u0141AMI DWUJ\u0118ZYCZNYMI IM. W\u0141ADYS\u0141AWA BRONIEWSKIEGO W STRZELCACH OPOLSKICH<\/td><td class=\"column-5\">warsztaty<\/td><td class=\"column-6\">Aleksandra Osuch \"Facetka od Kariery\"<\/td><td class=\"column-7\">25<\/td>\n<\/tr>\n<tr class=\"row-37\">\n\t<td class=\"column-1\">Warsztaty z doradztwa edukacyjno-zawodowego<\/td><td class=\"column-2\">24.03.2025<\/td><td class=\"column-3\">8:00 - 16:00<\/td><td class=\"column-4\">II LICEUM OG\u00d3LNOKSZTA\u0141C\u0104CE IM. MIKO\u0141AJA KOPERNIKA W K\u0118DZIERZYNIE-KO\u0179LU<\/td><td class=\"column-5\">warsztaty<\/td><td class=\"column-6\">Aleksandra Osuch \"Facetka od Kariery\"<\/td><td class=\"column-7\">25<\/td>\n<\/tr>\n<tr class=\"row-38\">\n\t<td class=\"column-1\">Warsztaty z doradztwa edukacyjno-zawodowego<\/td><td class=\"column-2\">17.03.2025<\/td><td class=\"column-3\">8:00 - 16:00<\/td><td class=\"column-4\">LICEUM OG\u00d3LNOKSZTA\u0141C\u0104CE IM. MIESZKA I W ZAWADZKIEM<\/td><td class=\"column-5\">warsztaty<\/td><td class=\"column-6\">Aleksandra Osuch \"Facetka od Kariery\"<\/td><td class=\"column-7\">25<\/td>\n<\/tr>\n<tr class=\"row-39\">\n\t<td class=\"column-1\">Warsztaty z doradztwa edukacyjno-zawodowego<\/td><td class=\"column-2\">09.04.2025<\/td><td class=\"column-3\">8:00 - 16:00<\/td><td class=\"column-4\">LICEUM OG\u00d3LNOKSZTA\u0141C\u0104CE W KRAPKOWICACH<\/td><td class=\"column-5\">warsztaty<\/td><td class=\"column-6\">Aleksandra Osuch \"Facetka od Kariery\"<\/td><td class=\"column-7\">25<\/td>\n<\/tr>\n<tr class=\"row-40\">\n\t<td class=\"column-1\">Szkolenia dla kadry pedagogicznej<\/td><td class=\"column-2\">17.03.2025<\/td><td class=\"column-3\">14:00-19:15<\/td><td class=\"column-4\">II Liceum Og\u00f3lnokszta\u0142c\u0105ce w Brzegu<\/td><td class=\"column-5\">szkolenie<\/td><td class=\"column-6\">ANS-WSZiA<\/td><td class=\"column-7\">10-15<\/td>\n<\/tr>\n<tr class=\"row-41\">\n\t<td class=\"column-1\">Szkolenia dla kadry pedagogicznej<\/td><td class=\"column-2\">26.03.2025<\/td><td class=\"column-3\">15:00-20:15<\/td><td class=\"column-4\">LICEUM OG\u00d3LNOKSZTA\u0141C\u0104CE W OTMUCHOWIE<\/td><td class=\"column-5\">szkolenie<\/td><td class=\"column-6\">ANS-WSZiA<\/td><td class=\"column-7\">10-15<\/td>\n<\/tr>\n<tr class=\"row-42\">\n\t<td class=\"column-1\">Szkolenia dla kadry pedagogicznej<\/td><td class=\"column-2\">23.04.2025<\/td><td class=\"column-3\">15:00-20:15<\/td><td class=\"column-4\">LICEUM OG\u00d3LNOKSZTA\u0141C\u0104CE IM. KOMISJI EDUKACJI NARODOWEJ W PACZKOWIE<\/td><td class=\"column-5\">szkolenie<\/td><td class=\"column-6\">ANS-WSZiA<\/td><td class=\"column-7\">10-15<\/td>\n<\/tr>\n<tr class=\"row-43\">\n\t<td class=\"column-1\">Studia podyplomowe<\/td><td class=\"column-2\">14.03.2025<\/td><td class=\"column-3\">16:30-21:00<\/td><td class=\"column-4\">Akademia Nauk Stosowanych - Wy\u017csza Szko\u0142a Zarz\u0105dzania i Administracji, on-line<\/td><td class=\"column-5\">Studia<\/td><td class=\"column-6\">ANS-WSZiA<\/td><td class=\"column-7\">27<\/td>\n<\/tr>\n<tr class=\"row-44\">\n\t<td class=\"column-1\">Studia podyplomowe<\/td><td class=\"column-2\">21.03.2025<\/td><td class=\"column-3\">16:30-21:01<\/td><td class=\"column-4\">Akademia Nauk Stosowanych - Wy\u017csza Szko\u0142a Zarz\u0105dzania i Administracji, on-line<\/td><td class=\"column-5\">Studia<\/td><td class=\"column-6\">ANS-WSZiA<\/td><td class=\"column-7\">27<\/td>\n<\/tr>\n<tr class=\"row-45\">\n\t<td class=\"column-1\">Studia podyplomowe<\/td><td class=\"column-2\">28.03.2025<\/td><td class=\"column-3\">16:30-21:02<\/td><td class=\"column-4\">Akademia Nauk Stosowanych - Wy\u017csza Szko\u0142a Zarz\u0105dzania i Administracji, on-line<\/td><td class=\"column-5\">Studia<\/td><td class=\"column-6\">ANS-WSZiA<\/td><td class=\"column-7\">27<\/td>\n<\/tr>\n<tr class=\"row-46\">\n\t<td class=\"column-1\">Studia podyplomowe<\/td><td class=\"column-2\">04.04.2025<\/td><td class=\"column-3\">16:30-21:03<\/td><td class=\"column-4\">Akademia Nauk Stosowanych - Wy\u017csza Szko\u0142a Zarz\u0105dzania i Administracji, on-line<\/td><td class=\"column-5\">Studia<\/td><td class=\"column-6\">ANS-WSZiA<\/td><td class=\"column-7\">27<\/td>\n<\/tr>\n<tr class=\"row-47\">\n\t<td class=\"column-1\">Studia podyplomowe<\/td><td class=\"column-2\">11.04.2025<\/td><td class=\"column-3\">16:30-21:04<\/td><td class=\"column-4\">Akademia Nauk Stosowanych - Wy\u017csza Szko\u0142a Zarz\u0105dzania i Administracji, on-line<\/td><td class=\"column-5\">Studia<\/td><td class=\"column-6\">ANS-WSZiA<\/td><td class=\"column-7\">27<\/td>\n<\/tr>\n<tr class=\"row-48\">\n\t<td class=\"column-1\">Studia podyplomowe<\/td><td class=\"column-2\">25.04.2025<\/td><td class=\"column-3\">16:30-21:05<\/td><td class=\"column-4\">Akademia Nauk Stosowanych - Wy\u017csza Szko\u0142a Zarz\u0105dzania i Administracji, on-line<\/td><td class=\"column-5\">Studia<\/td><td class=\"column-6\">ANS-WSZiA<\/td><td class=\"column-7\">27<\/td>\n<\/tr>\n<tr class=\"row-49\">\n\t<td class=\"column-1\">Studia podyplomowe<\/td><td class=\"column-2\">09.05.2025<\/td><td class=\"column-3\">16:30-21:06<\/td><td class=\"column-4\">Akademia Nauk Stosowanych - Wy\u017csza Szko\u0142a Zarz\u0105dzania i Administracji, on-line<\/td><td class=\"column-5\">Studia<\/td><td class=\"column-6\">ANS-WSZiA<\/td><td class=\"column-7\">27<\/td>\n<\/tr>\n<tr class=\"row-50\">\n\t<td class=\"column-1\">Studia podyplomowe<\/td><td class=\"column-2\">16.05.2025<\/td><td class=\"column-3\">16:30-21:07<\/td><td class=\"column-4\">Akademia Nauk Stosowanych - Wy\u017csza Szko\u0142a Zarz\u0105dzania i Administracji, on-line<\/td><td class=\"column-5\">Studia<\/td><td class=\"column-6\">ANS-WSZiA<\/td><td class=\"column-7\">27<\/td>\n<\/tr>\n<tr class=\"row-51\">\n\t<td class=\"column-1\">Studia podyplomowe<\/td><td class=\"column-2\">05.04.2025<\/td><td class=\"column-3\">08:00-15:45<\/td><td class=\"column-4\">Akademia Nauk Stosowanych - Wy\u017csza Szko\u0142a Zarz\u0105dzania i Administracji<\/td><td class=\"column-5\">studia<\/td><td class=\"column-6\">ANS-WSZiA<\/td><td class=\"column-7\">27<\/td>\n<\/tr>\n<\/tbody>\n<\/table>\n<!-- #tablepress-2 from cache -->\n","protected":false},"excerpt":{"rendered":"","protected":false},"author":2,"featured_media":0,"parent":0,"menu_order":0,"comment_status":"closed","ping_status":"closed","template":"","meta":{"footnotes":""},"class_list":["post-141","page","type-page","status-publish","hentry"],"_links":{"self":[{"href":"https:\/\/kompetentnelo.oce.opolskie.pl\/index.php\/wp-json\/wp\/v2\/pages\/141","targetHints":{"allow":["GET"]}}],"collection":[{"href":"https:\/\/kompetentnelo.oce.opolskie.pl\/index.php\/wp-json\/wp\/v2\/pages"}],"about":[{"href":"https:\/\/kompetentnelo.oce.opolskie.pl\/index.php\/wp-json\/wp\/v2\/types\/page"}],"author":[{"embeddable":true,"href":"https:\/\/kompetentnelo.oce.opolskie.pl\/index.php\/wp-json\/wp\/v2\/users\/2"}],"replies":[{"embeddable":true,"href":"https:\/\/kompetentnelo.oce.opolskie.pl\/index.php\/wp-json\/wp\/v2\/comments?post=141"}],"version-history":[{"count":15,"href":"https:\/\/kompetentnelo.oce.opolskie.pl\/index.php\/wp-json\/wp\/v2\/pages\/141\/revisions"}],"predecessor-version":[{"id":359,"href":"https:\/\/kompetentnelo.oce.opolskie.pl\/index.php\/wp-json\/wp\/v2\/pages\/141\/revisions\/359"}],"wp:attachment":[{"href":"https:\/\/kompetentnelo.oce.opolskie.pl\/index.php\/wp-json\/wp\/v2\/media?parent=141"}],"curies":[{"name":"wp","href":"https:\/\/api.w.org\/{rel}","templated":true}]}}